{"id":80,"date":"2026-01-09T18:05:45","date_gmt":"2026-01-09T17:05:45","guid":{"rendered":"https:\/\/sklep.kadrempisane.pl\/?post_type=product&#038;p=80"},"modified":"2026-01-09T20:29:37","modified_gmt":"2026-01-09T19:29:37","slug":"zlociste-pola-o-zachodzie-slonca","status":"publish","type":"product","link":"https:\/\/sklep.kadrempisane.pl\/?product=zlociste-pola-o-zachodzie-slonca","title":{"rendered":"Z\u0142ociste pola o zachodzie s\u0142o\u0144ca"},"content":{"rendered":"<p data-path-to-node=\"3\">Uchwy\u0107 pi\u0119kno polskiej wsi w jej najpi\u0119kniejszym wydaniu. Obraz przedstawia malowniczy krajobraz rolniczy, gdzie soczysta ziele\u0144 m\u0142odych upraw spotyka si\u0119 z intensywn\u0105 \u017c\u00f3\u0142ci\u0105 kwitn\u0105cego rzepaku. Ca\u0142o\u015b\u0107 sk\u0105pana jest w mi\u0119kkim, z\u0142otym \u015bwietle zachodz\u0105cego s\u0142o\u0144ca, kt\u00f3re nadaje scenie niemal magiczny, sielankowy charakter. Wyra\u017ane linie \u015bcie\u017cek technologicznych prowadz\u0105 wzrok w g\u0142\u0105b kompozycji, tworz\u0105c wra\u017cenie przestrzeni i spokoju.<\/p>\n<p data-path-to-node=\"4\">Nasze wydruki na p\u0142\u00f3tnie charakteryzuj\u0105 si\u0119 najwy\u017csz\u0105 jako\u015bci\u0105 wykonania. Dzi\u0119ki zadrukowanym bokom, obraz prezentuje si\u0119 doskonale pod ka\u017cdym k\u0105tem i nie wymaga dodatkowej oprawy w ram\u0119. Efekt kontynuacji motywu na kraw\u0119dziach nadaje dekoracji nowoczesny, tr\u00f3jwymiarowy wygl\u0105d. Wykorzystanie ekologicznych tusz\u00f3w gwarantuje g\u0142\u0119bokie nasycenie barw i odporno\u015b\u0107 na blakni\u0119cie, dzi\u0119ki czemu z\u0142ociste barwy lata b\u0119d\u0105 cieszy\u0107 Twoje oczy przez d\u0142ugie lata. To idealna dekoracja dla mi\u0142o\u015bnik\u00f3w natury i ciep\u0142ych, przytulnych wn\u0119trz.<\/p>\n","protected":false},"excerpt":{"rendered":"<p>Uchwy\u0107 pi\u0119kno polskiej wsi w jej najpi\u0119kniejszym wydaniu. Obraz przedstawia malowniczy krajobraz rolniczy, gdzie soczysta ziele\u0144 m\u0142odych upraw spotyka si\u0119 z intensywn\u0105 \u017c\u00f3\u0142ci\u0105 kwitn\u0105cego rzepaku. Ca\u0142o\u015b\u0107 sk\u0105pana jest w mi\u0119kkim, z\u0142otym \u015bwietle zachodz\u0105cego s\u0142o\u0144ca, kt\u00f3re nadaje scenie niemal magiczny, sielankowy charakter. Wyra\u017ane linie \u015bcie\u017cek technologicznych prowadz\u0105 wzrok w g\u0142\u0105b kompozycji, tworz\u0105c wra\u017cenie przestrzeni i spokoju. [&hellip;]<\/p>\n","protected":false},"featured_media":81,"comment_status":"open","ping_status":"closed","template":"","meta":{"_acf_changed":false},"product_brand":[],"product_cat":[17],"product_tag":[],"class_list":{"0":"post-80","1":"product","2":"type-product","3":"status-publish","4":"has-post-thumbnail","6":"product_cat-krajobraz","8":"first","9":"instock","10":"shipping-taxable","11":"purchasable","12":"product-type-simple"},"acf":[],"_links":{"self":[{"href":"https:\/\/sklep.kadrempisane.pl\/index.php?rest_route=\/wp\/v2\/product\/80","targetHints":{"allow":["GET"]}}],"collection":[{"href":"https:\/\/sklep.kadrempisane.pl\/index.php?rest_route=\/wp\/v2\/product"}],"about":[{"href":"https:\/\/sklep.kadrempisane.pl\/index.php?rest_route=\/wp\/v2\/types\/product"}],"replies":[{"embeddable":true,"href":"https:\/\/sklep.kadrempisane.pl\/index.php?rest_route=%2Fwp%2Fv2%2Fcomments&post=80"}],"wp:featuredmedia":[{"embeddable":true,"href":"https:\/\/sklep.kadrempisane.pl\/index.php?rest_route=\/wp\/v2\/media\/81"}],"wp:attachment":[{"href":"https:\/\/sklep.kadrempisane.pl\/index.php?rest_route=%2Fwp%2Fv2%2Fmedia&parent=80"}],"wp:term":[{"taxonomy":"product_brand","embeddable":true,"href":"https:\/\/sklep.kadrempisane.pl\/index.php?rest_route=%2Fwp%2Fv2%2Fproduct_brand&post=80"},{"taxonomy":"product_cat","embeddable":true,"href":"https:\/\/sklep.kadrempisane.pl\/index.php?rest_route=%2Fwp%2Fv2%2Fproduct_cat&post=80"},{"taxonomy":"product_tag","embeddable":true,"href":"https:\/\/sklep.kadrempisane.pl\/index.php?rest_route=%2Fwp%2Fv2%2Fproduct_tag&post=80"}],"curies":[{"name":"wp","href":"https:\/\/api.w.org\/{rel}","templated":true}]}}