{"id":93,"date":"2026-01-09T20:13:56","date_gmt":"2026-01-09T19:13:56","guid":{"rendered":"https:\/\/sklep.kadrempisane.pl\/?post_type=product&#038;p=93"},"modified":"2026-01-09T20:14:30","modified_gmt":"2026-01-09T19:14:30","slug":"sanktuarium-maria-sniezna-na-gorze-iglicznej","status":"publish","type":"product","link":"https:\/\/sklep.kadrempisane.pl\/?product=sanktuarium-maria-sniezna-na-gorze-iglicznej","title":{"rendered":"Sanktuarium Maria \u015anie\u017cna na G\u00f3rze Iglicznej"},"content":{"rendered":"<p data-path-to-node=\"4\">Przenie\u015b do swojego wn\u0119trza wyj\u0105tkowy klimat G\u00f3ry Iglicznej. Obraz przedstawia Sanktuarium Maria \u015anie\u017cna \u2013 jedno z najbardziej charakterystycznych i najwy\u017cej po\u0142o\u017conych miejsc kultu w Sudetach. Ta barokowa \u015bwi\u0105tynia, otoczona malowniczymi krajobrazami Masywu \u015anie\u017cnika, na wydruku prezentuje si\u0119 niezwykle dostojnie, stanowi\u0105c doskona\u0142y wyb\u00f3r dla os\u00f3b szukaj\u0105cych dekoracji o g\u0142\u0119bszym znaczeniu lub pami\u0105tki z dolno\u015bl\u0105skich szlak\u00f3w.<\/p>\n<p data-path-to-node=\"5\">Obraz zosta\u0142 przygotowany w formacie 60x40 cm, co czyni go idealnym akcentem do sypialni, gabinetu lub salonu. Dzi\u0119ki technologii druku na wysokiej jako\u015bci p\u0142\u00f3tnie, kraw\u0119dzie obrazu s\u0105 starannie zadrukowane, kontynuuj\u0105c motyw zdj\u0119cia. Pozwala to na zawieszenie go bezpo\u015brednio na \u015bcianie bez konieczno\u015bci dobierania ram, co nadaje dekoracji nowoczesn\u0105, minimalistyczn\u0105 form\u0119. Trwa\u0142e pigmenty zapewniaj\u0105 wyrazisto\u015b\u0107 detali i nasycenie barw, kt\u00f3re nie blakn\u0105 z up\u0142ywem czasu, ciesz\u0105c oko naturalnym pi\u0119knem g\u00f3rskiej architektury przez lata.<\/p>\n","protected":false},"excerpt":{"rendered":"<p>Przenie\u015b do swojego wn\u0119trza wyj\u0105tkowy klimat G\u00f3ry Iglicznej. Obraz przedstawia Sanktuarium Maria \u015anie\u017cna \u2013 jedno z najbardziej charakterystycznych i najwy\u017cej po\u0142o\u017conych miejsc kultu w Sudetach. Ta barokowa \u015bwi\u0105tynia, otoczona malowniczymi krajobrazami Masywu \u015anie\u017cnika, na wydruku prezentuje si\u0119 niezwykle dostojnie, stanowi\u0105c doskona\u0142y wyb\u00f3r dla os\u00f3b szukaj\u0105cych dekoracji o g\u0142\u0119bszym znaczeniu lub pami\u0105tki z dolno\u015bl\u0105skich szlak\u00f3w. Obraz [&hellip;]<\/p>\n","protected":false},"featured_media":94,"comment_status":"open","ping_status":"closed","template":"","meta":{"_acf_changed":false},"product_brand":[],"product_cat":[18,17],"product_tag":[],"class_list":{"0":"post-93","1":"product","2":"type-product","3":"status-publish","4":"has-post-thumbnail","6":"product_cat-gory","7":"product_cat-krajobraz","9":"first","10":"instock","11":"shipping-taxable","12":"purchasable","13":"product-type-simple"},"acf":[],"_links":{"self":[{"href":"https:\/\/sklep.kadrempisane.pl\/index.php?rest_route=\/wp\/v2\/product\/93","targetHints":{"allow":["GET"]}}],"collection":[{"href":"https:\/\/sklep.kadrempisane.pl\/index.php?rest_route=\/wp\/v2\/product"}],"about":[{"href":"https:\/\/sklep.kadrempisane.pl\/index.php?rest_route=\/wp\/v2\/types\/product"}],"replies":[{"embeddable":true,"href":"https:\/\/sklep.kadrempisane.pl\/index.php?rest_route=%2Fwp%2Fv2%2Fcomments&post=93"}],"wp:featuredmedia":[{"embeddable":true,"href":"https:\/\/sklep.kadrempisane.pl\/index.php?rest_route=\/wp\/v2\/media\/94"}],"wp:attachment":[{"href":"https:\/\/sklep.kadrempisane.pl\/index.php?rest_route=%2Fwp%2Fv2%2Fmedia&parent=93"}],"wp:term":[{"taxonomy":"product_brand","embeddable":true,"href":"https:\/\/sklep.kadrempisane.pl\/index.php?rest_route=%2Fwp%2Fv2%2Fproduct_brand&post=93"},{"taxonomy":"product_cat","embeddable":true,"href":"https:\/\/sklep.kadrempisane.pl\/index.php?rest_route=%2Fwp%2Fv2%2Fproduct_cat&post=93"},{"taxonomy":"product_tag","embeddable":true,"href":"https:\/\/sklep.kadrempisane.pl\/index.php?rest_route=%2Fwp%2Fv2%2Fproduct_tag&post=93"}],"curies":[{"name":"wp","href":"https:\/\/api.w.org\/{rel}","templated":true}]}}